{"id":1386,"date":"2021-09-30T19:08:23","date_gmt":"2021-09-30T17:08:23","guid":{"rendered":"http:\/\/ecocities.be\/?page_id=1386"},"modified":"2021-09-30T19:08:23","modified_gmt":"2021-09-30T17:08:23","slug":"stormwater-management","status":"publish","type":"page","link":"https:\/\/ecocities.be\/?page_id=1386","title":{"rendered":"Stormwater management"},"content":{"rendered":"\n<ul class=\"wp-block-social-links\"><li class=\"wp-social-link wp-social-link-facebook wp-block-social-link\"><a href=\"https:\/\/www.facebook.com\/EcoCities\" aria-label=\"Facebook: https:\/\/www.facebook.com\/EcoCities\"  class=\"wp-block-social-link-anchor\"> <svg width=\"24\" height=\"24\" viewBox=\"0 0 24 24\" version=\"1.1\" xmlns=\"http:\/\/www.w3.org\/2000\/svg\" role=\"img\" aria-hidden=\"true\" focusable=\"false\"><path d=\"M12 2C6.5 2 2 6.5 2 12c0 5 3.7 9.1 8.4 9.9v-7H7.9V12h2.5V9.8c0-2.5 1.5-3.9 3.8-3.9 1.1 0 2.2.2 2.2.2v2.5h-1.3c-1.2 0-1.6.8-1.6 1.6V12h2.8l-.4 2.9h-2.3v7C18.3 21.1 22 17 22 12c0-5.5-4.5-10-10-10z\"><\/path><\/svg><\/a><\/li>\n\n<li class=\"wp-social-link wp-social-link-linkedin wp-block-social-link\"><a href=\"https:\/\/www.linkedin.com\/company\/ecocitiesuh\" aria-label=\"LinkedIn: https:\/\/www.linkedin.com\/company\/ecocitiesuh\"  class=\"wp-block-social-link-anchor\"> <svg width=\"24\" height=\"24\" viewBox=\"0 0 24 24\" version=\"1.1\" xmlns=\"http:\/\/www.w3.org\/2000\/svg\" role=\"img\" aria-hidden=\"true\" focusable=\"false\"><path d=\"M19.7,3H4.3C3.582,3,3,3.582,3,4.3v15.4C3,20.418,3.582,21,4.3,21h15.4c0.718,0,1.3-0.582,1.3-1.3V4.3 C21,3.582,20.418,3,19.7,3z M8.339,18.338H5.667v-8.59h2.672V18.338z M7.004,8.574c-0.857,0-1.549-0.694-1.549-1.548 c0-0.855,0.691-1.548,1.549-1.548c0.854,0,1.547,0.694,1.547,1.548C8.551,7.881,7.858,8.574,7.004,8.574z M18.339,18.338h-2.669 v-4.177c0-0.996-0.017-2.278-1.387-2.278c-1.389,0-1.601,1.086-1.601,2.206v4.249h-2.667v-8.59h2.559v1.174h0.037 c0.356-0.675,1.227-1.387,2.526-1.387c2.703,0,3.203,1.779,3.203,4.092V18.338z\"><\/path><\/svg><\/a><\/li>\n\n<li class=\"wp-social-link wp-social-link-twitter wp-block-social-link\"><a href=\"https:\/\/twitter.com\/EcoCities_UH\" aria-label=\"Twitter: https:\/\/twitter.com\/EcoCities_UH\"  class=\"wp-block-social-link-anchor\"> <svg width=\"24\" height=\"24\" viewBox=\"0 0 24 24\" version=\"1.1\" xmlns=\"http:\/\/www.w3.org\/2000\/svg\" role=\"img\" aria-hidden=\"true\" focusable=\"false\"><path d=\"M22.23,5.924c-0.736,0.326-1.527,0.547-2.357,0.646c0.847-0.508,1.498-1.312,1.804-2.27 c-0.793,0.47-1.671,0.812-2.606,0.996C18.324,4.498,17.257,4,16.077,4c-2.266,0-4.103,1.837-4.103,4.103 c0,0.322,0.036,0.635,0.106,0.935C8.67,8.867,5.647,7.234,3.623,4.751C3.27,5.357,3.067,6.062,3.067,6.814 c0,1.424,0.724,2.679,1.825,3.415c-0.673-0.021-1.305-0.206-1.859-0.513c0,0.017,0,0.034,0,0.052c0,1.988,1.414,3.647,3.292,4.023 c-0.344,0.094-0.707,0.144-1.081,0.144c-0.264,0-0.521-0.026-0.772-0.074c0.522,1.63,2.038,2.816,3.833,2.85 c-1.404,1.1-3.174,1.756-5.096,1.756c-0.331,0-0.658-0.019-0.979-0.057c1.816,1.164,3.973,1.843,6.29,1.843 c7.547,0,11.675-6.252,11.675-11.675c0-0.178-0.004-0.355-0.012-0.531C20.985,7.47,21.68,6.747,22.23,5.924z\"><\/path><\/svg><\/a><\/li><\/ul>\n\n\n\n<div class=\"wp-block-nextend-smartslider3\"><\/div>\n\n\n\n<h2 class=\"has-text-align-center\" id=\"top\">Maak kennis met onze onderzoekers<\/h2>\n\n\n\n<div class=\"wp-block-columns\">\n<div class=\"wp-block-column\"><\/div>\n\n\n\n<div class=\"wp-block-column\">\n<div class=\"wp-block-image\"><figure class=\"aligncenter size-full\"><a href=\"http:\/\/ecocities.be\/?page_id=1383&amp;preview=true\"><img loading=\"lazy\" width=\"720\" height=\"720\" src=\"http:\/\/ecocities.be\/wp-content\/uploads\/2021\/09\/Filip_icoon.jpg\" alt=\"\" class=\"wp-image-1420\" srcset=\"https:\/\/ecocities.be\/wp-content\/uploads\/2021\/09\/Filip_icoon.jpg 720w, https:\/\/ecocities.be\/wp-content\/uploads\/2021\/09\/Filip_icoon-300x300.jpg 300w, https:\/\/ecocities.be\/wp-content\/uploads\/2021\/09\/Filip_icoon-150x150.jpg 150w, https:\/\/ecocities.be\/wp-content\/uploads\/2021\/09\/Filip_icoon-100x100.jpg 100w\" sizes=\"(max-width: 720px) 100vw, 720px\" \/><\/a><figcaption>Filip Dobbels<\/figcaption><\/figure><\/div>\n\n\n\n<p class=\"has-small-font-size\">Projectleider in het Labo Isolatie, Dichting en Daken, onderdeel van de afdeling Materialen, Daken en Milieuprestatie van het WTCB<\/p>\n<\/div>\n\n\n\n<div class=\"wp-block-column\"><\/div>\n<\/div>\n\n\n\n<div class=\"wp-block-group\"><div class=\"wp-block-group__inner-container\">\n<h2 class=\"has-text-align-center has-white-color has-text-color has-background\" style=\"background-color:#1a7b99;font-size:19px;line-height:2.8\">We lieten ook enkele andere experten aan het woord<\/h2>\n\n\n\n<p class=\"has-text-align-left has-small-font-size\">Zij lieten elk hun licht schijnen op het concept groendaken en -gevels vanuit  het bodemperspectief waarin bodemprocessen voorkomen en nutri\u00ebnten cycli bestudeerd worden dit alles gekaderd rond het stedelijke milieu. Dezelfde vragen, verschillende visies!<\/p>\n\n\n\n<div class=\"wp-block-columns are-vertically-aligned-top\">\n<div class=\"wp-block-column is-vertically-aligned-top\">\n<div class=\"wp-block-group\"><div class=\"wp-block-group__inner-container\">\n<div class=\"wp-block-group\"><div class=\"wp-block-group__inner-container\">\n<div class=\"wp-block-group\"><div class=\"wp-block-group__inner-container\">\n<p class=\"has-text-align-center has-text-color\" style=\"color:#7c8186;font-size:14px\"><em>Alhassan Ibrahim<\/em><br><\/p>\n\n\n\n<figure class=\"wp-block-image size-full is-resized is-style-default\"><img loading=\"lazy\" src=\"http:\/\/ecocities.be\/wp-content\/uploads\/2021\/09\/Alhassan-Ibrahim_rond.jpg\" alt=\"\" class=\"wp-image-1393\" width=\"247\" height=\"247\" srcset=\"https:\/\/ecocities.be\/wp-content\/uploads\/2021\/09\/Alhassan-Ibrahim_rond.jpg 720w, https:\/\/ecocities.be\/wp-content\/uploads\/2021\/09\/Alhassan-Ibrahim_rond-300x300.jpg 300w, https:\/\/ecocities.be\/wp-content\/uploads\/2021\/09\/Alhassan-Ibrahim_rond-150x150.jpg 150w, https:\/\/ecocities.be\/wp-content\/uploads\/2021\/09\/Alhassan-Ibrahim_rond-100x100.jpg 100w\" sizes=\"(max-width: 247px) 100vw, 247px\" \/><figcaption><em>PhD Candidate at the School of Architecture and built Environment at the University of Adelaide.<\/em><\/figcaption><\/figure>\n<\/div><\/div>\n<\/div><\/div>\n<\/div><\/div>\n\n\n\n<p class=\"has-text-align-center\" style=\"font-size:12px\"><a href=\"http:\/\/ecocities.be\/?page_id=1362&amp;preview=true\">Lees meer \u2192<\/a><\/p>\n<\/div>\n\n\n\n<div class=\"wp-block-column is-vertically-aligned-top\">\n<p class=\"has-text-align-center has-text-color\" style=\"color:#7c8186;font-size:14px\"><em>Vincent Wolfs<\/em><\/p>\n\n\n\n<div class=\"wp-block-image is-style-default\"><figure class=\"aligncenter size-full is-resized\"><img loading=\"lazy\" src=\"http:\/\/ecocities.be\/wp-content\/uploads\/2021\/09\/Vincent-Wolfs_rond.jpg\" alt=\"\" class=\"wp-image-1396\" width=\"242\" height=\"242\" srcset=\"https:\/\/ecocities.be\/wp-content\/uploads\/2021\/09\/Vincent-Wolfs_rond.jpg 720w, https:\/\/ecocities.be\/wp-content\/uploads\/2021\/09\/Vincent-Wolfs_rond-300x300.jpg 300w, https:\/\/ecocities.be\/wp-content\/uploads\/2021\/09\/Vincent-Wolfs_rond-150x150.jpg 150w, https:\/\/ecocities.be\/wp-content\/uploads\/2021\/09\/Vincent-Wolfs_rond-100x100.jpg 100w\" sizes=\"(max-width: 242px) 100vw, 242px\" \/><figcaption><em>Postdoctoraal onderzoeker aan de KU Leuven binnen de groep hydraulica Geotechienk, werkpakketleider in BRIGAID en directeur bij Sumaqua<\/em><\/figcaption><\/figure><\/div>\n\n\n\n<p class=\"has-text-align-center\" style=\"font-size:12px\"><a href=\"http:\/\/ecocities.be\/?page_id=1375&amp;preview=true\" data-type=\"URL\">Lees meer \u2192<\/a><\/p>\n<\/div>\n<\/div>\n<\/div><\/div>\n\n\n\n<div class=\"wp-block-columns\">\n<div class=\"wp-block-column\" style=\"flex-basis:100%\"><\/div>\n<\/div>\n\n\n\n<h2 class=\"has-text-align-center has-white-color has-text-color has-background has-medium-font-size\" id=\"wat\" style=\"background-color:#1a7b99\">Wat is stormwater management en waarom is het belangrijk?<\/h2>\n\n\n\n<p>Stedelijke gebieden behoren tot de meest kwetsbare menselijke habitats met betrekking tot de gevolgen van klimaatverandering. In termen van wateroverlast treft extreme regenval steden meer dan het omliggende platteland vanwege het grote percentage oppervlakte bedekt met asfalt of andere afdichtingsmaterialen (OECD 2014).<\/p>\n\n\n\n<p>Traditionele infrastructuur in Belgische steden zoals rioleringen zijn niet in staat om de toename van regenwater op te vangen. Vooral in dichtbevolkte stedelijke gebieden voeren de infiltratiesystemen het regenwater onvoldoende af.<\/p>\n\n\n\n<p>Hevige regenval veroorzaakt grote economische schade. Dit is niet alleen te wijten aan de vernietiging van gebouwen en hun interieurs, maar ook aan secundaire economische schade die kan optreden door stroom-, data- en telecomstoringen, bedrijfs- en verkeersonderbrekingen en andere gevolgen zoals de ondermaatse prestaties van openbare infrastructuur (bv. een te klein rioleringsdebiet). De toenemende wateroverlast in openbare ruimten en priv\u00e9-eigendommen leidt tot een sterker pleidooi voor klimaatadaptatie en een nieuwe focus op stedelijke waterberging.<\/p>\n\n\n\n<p>Meerdere steden hebben reeds een adaptatiestrategie ontwikkeld zoals bv het Amsterdams beleidsprogramma \u2018<a href=\"https:\/\/www.rainproof.nl\/\" target=\"_blank\" rel=\"noreferrer noopener\">Amsterdam Rainproof<\/a>\u2019 dat als doel heeft om in 2020 een regenval van 60mm\/uur op te vangen zonder schade aan gebouwen en vitale infrastructuur en om tegen 2050 volledig regenbestendig te zijn. Burgers, ondernemers, functionarissen en kenniswerkers worden aangemoedigd om daken, straten, tuinen, parken en pleinen te ontwerpen binnen deze context.<\/p>\n\n\n\n<p>In Rotterdam bestaat het \u2018<a href=\"https:\/\/www.cakex.org\/sites\/default\/files\/documents\/RCP_adaptatie_eng.pdf\" target=\"_blank\" rel=\"noreferrer noopener\">Rotterdam Climate Proof<\/a>\u2019 programma dat deel uitmaakt van het \u2018Rotterdam 100% climate-proof by 2025\u2019 initiatief. Er wordt ingezet op adaptieve constructies en design zoals bv. overstromingsbestendig bouwen, bouw van overstromingsbestendige publieke ruimtes, drijvende gemeenschappen en \u2018building with nature\u2019 projecten.<\/p>\n\n\n\n<p>Ook in de rest van de wereld zijn er verschillende strategie\u00ebn ontwikkeld om stormwater het hoofd te bieden zoals bv. \u2018The sponge city program\u2019 in China (een duurzaam stedelijk ontwikkelingsprogramma inclusief stormwater management, waterconservatie, waterkwaliteitverbetering en natuurlijke ecosysteem bescherming); Low Impact development (LID) en green infrastructure in de US en Canada, sustainable drainage systems (Susdrain) in de UK en andere Europese landen en het \u2018Water Sensitive Urban Design\u2019 (WSUD) in Australi\u00eb en Nieuw-Zeeland.<\/p>\n\n\n\n<h2 class=\"has-text-align-center has-white-color has-text-color has-background has-medium-font-size\" id=\"hoe\" style=\"background-color:#1a7b99\">Hoe kan stedelijke vegetatie hierbij helpen?<\/h2>\n\n\n\n<p>Stedelijke vegetatie zoals groendaken kunnen een belangrijke bijdrage leveren aan stormwater management in stedelijke gebieden. De implementatie van groendaken is een duurzame benadering om de impact van verstedelijking te verminderen waarvoor geen nieuwe open ruimte moet worden gecre\u00eberd. Groendaken en al zijn variaties van extensief tot intensief zijn een deel van de oplossing samen met andere maatregelen om meer vegetatie in de stadskernen te introduceren.<\/p>\n\n\n\n<h2 class=\"has-text-align-left\"><strong>Case Studie: Chulalongkorn Centenary Park, Bankok <\/strong><\/h2>\n\n\n\n<p>Een mooi voorbeeld is het Chulalongkorn Centenary Park in Bangkok ontworpen door landschapsarchitecte Kotchakorn Voraakhom. Bangkok is net zoals Veneti\u00eb, New York, Jakarta, Tokio, New Orleans en London een delta stad waarvan de ondergrond jaarlijks een aantal cm zakt. Deze steden zijn van nature overstromingsgevoelig waardoor overheden extra waakzaam moeten zijn voor bijkomende klimaatveranderingseffecten. Bangkok is een stad van 50 miljoen mensen die gebouwd werd in een rivierdelta waarvan de poreuze waterabsorberende bodem werd omgevormd tot een stedelijke stenen jungle waarin het absorberend vermogen verloren ging. Bangkok kent ook \u00e9\u00e9n van de laagste ratio\u2019s publieke groene openruimte per capita van megasteden in Asi\u00eb.<\/p>\n\n\n\n<figure class=\"wp-block-pullquote is-style-default\"><blockquote><p><\/p><p><strong>When life gives you a flood, you have fun with the water<\/strong><\/p><cite><meta charset=\"utf-8\">Kotchakorn Voraakhom &#8211; TEDWoman 2018<\/cite><\/blockquote><\/figure>\n\n\n\n<p>Het park werd ontworpen om mee de overstromingsproblematiek van de stad te beperken. Het kan tot 3,8 miljoen liter water bufferen en vormt een levensader voor de regio rondom. Het gebufferde water kan in droogteperiodes het park een maand van irrigatiewater voorzien. Het park biedt de broodnodige groene ruimte voor de inwoners maar is ook ontworpen om de risico\u2019s van seizoenale regens, overstromingen en het stedelijk hitte eiland effect te verminderen. Het bos heeft wetlands en een hellend groendak dat het overtollige water naar de retentievijvers leiden. Dit park toont een manier om met overstromingswater te leven, in plaats van er bang voor te zijn. Het is een inspirerende oplossing voor het zwaard van Damocles dat elk jaar boven Bangkok hangt: overstromingen en droogte.<\/p>\n\n\n\n<div class=\"wp-block-nextend-smartslider3\"><\/div>\n\n\n\n<h2 class=\"has-text-align-center has-white-color has-text-color has-background has-medium-font-size\" id=\"groendaken\" style=\"background-color:#1a7b99\">Hoe kunnen groendaken bijdragen aan stormwater management?<\/h2>\n\n\n\n<h2>Een literatuurstudie door Filip Dobbels van het WTCB<\/h2>\n\n\n\n<p>Een literatuurstudie werd uitgevoerd naar de impact van groendaken op stormwater management, als input voor het werkpakket over economische valorisatie.&nbsp; Als ecosysteemdienst \u201cstormwater management\u201d beschouwen we de problematiek van regenwaterbeheer op stadsniveau, gericht op de instrumenten die worden ingezet om overstromingen te bestrijden (met focus op zomeronweders). De studie heeft geleid tot een scherper inzicht in de mate waarop groendaken op stadsniveau een rol kunnen spelen in stormwater management en tot een reeks praktische aanbevelingen voor ontwerpers, gebouwbeheerders, systeemleveranciers, de overheid, waterbeheerders en het onderzoek.<\/p>\n\n\n\n<h2>Conclusies<\/h2>\n\n\n\n<p>Groendaken bufferen regenwater en kunnen zo het risico op overstromingen reduceren. Deze veel gehoorde uitspraak klopt. Een veralgemeende interpretatie ervan (\u201cGroendaken helpen altijd om het risico op overstromingen te reduceren\u201d) kan echter een vertekend beeld geven van de werkelijkheid. Dit komt door de grote variatie in prestaties van groendaken.<\/p>\n\n\n\n<p>Niet alle groendaken bufferen regenwater (voldoende). Het is dus niet omdat je een groendak plaatst dat je daarom per definitie beduidend bijdraagt aan het waterbeheer op stadsniveau.<\/p>\n\n\n\n<p>Ten eerste moet het groendak een voldoende bufferend vermogen hebben (min. 35 l\/m\u00b2, bij voorkeur beduidend meer). Een intensief groendak is niet per definitie beter op dit vlak. Er bestaan ook extensieve groendaksystemen met een hoog bufferend vermogen. De aanwezigheid van \u00e9\u00e9n of meer specifieke waterretentielagen kan het bufferend vermogen sterk opdrijven.<\/p>\n\n\n\n<p>Ten tweede is de ligging van het groendak (t.o.v. het rioleringssysteem) zeer bepalend voor de impact op stadsniveau. Op bepaalde plaatsen heeft een groendak weinig of geen meerwaarde voor de ecosysteemdienst stormwatermanagement (bv. in suburbane gebieden waar nog relatief veel ruimte is voor hemelwateropslag en -infiltratie). Op andere plaatsen kan ze bijzonder nuttig zijn (in het bijzonder op bestaande daken in stadscentra, waar het hemelwater rechtstreeks in de riolering vloeit, er geen gescheiden riolering is en er geen ruimte is voor hemelwaterputten en\/of infiltratievoorzieningen. De re\u00eble impact van groendaken op het waterbeheer op stadsniveau kan enkel ingeschat worden door numerieke modellen van het rioleringssysteem te koppelen aan modellen van groendaken. In het kader van onderzoeksprojecten zijn dergelijke modellen ontwikkeld en reeds een aantal keer toegepast.<\/p>\n\n\n\n<p>Ten derde neemt de buffercapaciteit af met toenemende regenintensiteit. Groendaken zijn niet ideaal om extreme neerslag te bufferen.<\/p>\n\n\n\n<p>Ten vierde bieden groendaken op stadsniveau meestal niet voldoende buffercapaciteit om overstromingen te voorkomen, zeker naar de toekomst toe (toename extrema). Zo werden de overstromingen in juli 2021 veroorzaakt door lokaal zeer intense en langdurige neerslag (grootte-orde 100 tot zelfs 179 l\/m\u00b2 op \u00e9\u00e9n dag tijd), ruimschoots meer dan de buffercapaciteit van groendaken, zelfs wanneer op grote schaal toegepast.<\/p>\n\n\n\n<p>Groendaken kunnen het effect van neerslagpieken milderen, maar hun impact op stadsschaal mag niet overschat worden. Andere maatregelen op stadsniveau blijven nodig. Besparingen in het hemelwaterafvoersysteem omwille van de bufferende werking van groendaken zijn niet mogelijk.<\/p>\n\n\n\n<p>Groendaken kunnen een interessante aanvullende rol spelen in de stedelijke waterhuishouding. In het licht van de klimaatverandering is het aangeraden om groen-blauwe daken (daken met beplanting en extra waterbuffermogelijkheden) een volwaardige positie in de stedelijke inrichting te geven als onderdeel van klimaat-adaptieve maatregelen die de stad meer weerbaar maken tegen extreme buien en lange periodes van droogte.<\/p>\n\n\n\n<blockquote class=\"wp-block-quote is-style-large\"><p>De ligging van het groendak t.o.v. het rioleringssysteem is zeer bepalend voor de impact op stadsniveau.<\/p><cite>Filip Dobbels<\/cite><\/blockquote>\n\n\n\n<h2 class=\"has-text-align-center\"><strong>Aanbevelingen<\/strong><\/h2>\n\n\n\n<h2 class=\"has-text-align-left\">Voor ontwerpers:<\/h2>\n\n\n\n<ul><li>Streef naar groendaken met maximale waterretentie, in het bijzonder in stadscentra waar een hemelwaterput moeilijk of niet toepasbaar is.<\/li><li>Kies bij voorkeur groendaksystemen met een relatief grote waterbuffering ter hoogte van de drainagelaag, in combinatie met vertraagde en\/of gecontroleerde afvoer met intelligente sturing.<\/li><li>Ook de lozingssnelheid is een belangrijk criterium bij de productkeuze, niet alleen de retentie.<\/li><\/ul>\n\n\n\n<h2>Voor gebouwbeheerders:<\/h2>\n\n\n\n<ul><li>De waterbuffercapaciteit van groendaken wordt vooral bepaald door het substraat en de onderliggende lagen. Wanneer overwogen wordt om een groendak weg te halen (bv. omwille van onderhoudskosten), is het interessant om eventueel enkel de vegetatie weg te halen of het beheer ervan sterk te reduceren, maar het substraat en de rest van het groendak te behouden. Een groendak zonder vegetatie kan nog steeds een relatief grote waterretentie vertonen. De aanwezigheid van \u201cwilde\u201d vegetatie, kan bovendien nuttig zijn voor de biodiversiteit (zie de zogenaamd \u201cbruine daken\u201d: groendaken waarbij men \u2013 bewust \u2013 de natuur z\u2019n gang laat gaan).<\/li><\/ul>\n\n\n\n<h2>Voor systeemleveranciers:<\/h2>\n\n\n\n<ul><li>Optimaliseer groendaksystemen (verder) met het oog op maximalisatie van de waterbuffering en vertraagde afvoer.&nbsp; De literatuurstudie kan mogelijk nieuwe of meer verfijnde inzichten aanreiken als basis voor verdere optimalisatie (deelstudie&nbsp; \u201cInvloedsfactoren\u201d)<\/li><li>Met het oog op een snelle lozingscapaciteit is het nuttig om de waterretentie van het groendak voor een relatief groot percentage te realiseren via specifieke retentielagen, niet alleen via het substraat.<\/li><li>Communiceer duidelijk de proefresultaten van uw systeem op het vlak van waterretentie, zodat ontwerpers een rationele keuze kunnen maken i.f.v. de situatie.<\/li><\/ul>\n\n\n\n<h2>Voor de water- en rioolbeheerders:<\/h2>\n\n\n\n<ul><li>Bepaal op welke plaatsen groendaken het meest zinvol zijn wat betreft stormwater management. Dit kan op basis van numerieke simulaties, ontwikkeld i.k.v. onderzoeksprojecten. Zo heeft [Wolfs et al., 2021] recent een gedetailleerd onderzoek uitgevoerd naar de impact van groendaken op het waterbeheer en het overstromingsrisico voor de Stad Antwerpen, met bijzondere aandacht voor de waterretentie \u00e9n de gecontroleerde lozingscapaciteit van groendaken.<\/li><li>Bemerk: de vertraagde afvoer door groendaken is niet altijd per se positief, het is mogelijk dat er zeer lokaal hogere debieten ontstaan in het afvoersysteem door combinatie met waterafvoer uit andere gebieden, waar het bv. wat later geregend heeft. Het is dus belangrijk om via numerieke simulatie de impact van groendaken in detail te bestuderen voor een specifiek gebied.<\/li><li>Informeer de lokale overheid over de resultaten, zodat deze hiermee rekening kan houden in het beleid. Een goede communicatie en afstemming tussen rioolbeheerders, lokale overheid en onderzoeksinstellingen is belangrijk om de beoogde impact van groendaken op de stedelijke waterhuishouding effectief te realiseren.<\/li><\/ul>\n\n\n\n<h2>Voor de overheid (steden &amp; gemeenten):<\/h2>\n\n\n\n<ul><li>Ontwikkel samen met de rioolbeheerders een aanpak om groendaken optimaal in te zetten, door te bestuderen op welke plaatsen een aanvullende buffercapaciteit door groendaken nuttig kan zijn om overschrijding van de piekbelasting van de riolering te voorkomen (of minstens te vertragen). De zones waar groendaken bij voorkeur (extra) gestimuleerd worden, lopen niet noodzakelijk gelijk met gemeentegrenzen. De grenzen van de zones worden idealiter nauwkeurig afgebakend (wijken\/straten\/percelen) in functie van het ondergrondse regenwaterafvoersysteem.<\/li><li>Ontwikkel een aangepaste financi\u00eble ondersteuning, die rekening houdt met de re\u00eble impact van groendaken, i.f.v. de dakopbouw (buffer- &amp; lozingscapaciteit) \u00e9n de locatie.&nbsp; Door een verfijning van de subsidievoorwaarden kunnen steden en gemeenten de impact van groendaken verhogen, bij een gelijkblijvende financi\u00eble inspanning. Groendaken kunnen in de toekomst effici\u00ebnter bijdragen tot de waterhuishouding in de stad door een sterkere ondersteuning op beperktere schaal.<\/li><\/ul>\n\n\n\n<h2>Voor de overheid (Vlaamse Gewest):<\/h2>\n\n\n\n<ul><li>Het hemelwaterformulier kan aangepast worden: \u201cgroendak\u201d kan aangevuld worden met \u201cwaterretentiedak\u201d.<\/li><\/ul>\n\n\n\n<h2>Voor het onderzoek:<\/h2>\n\n\n\n<ul><li>Een meer verfijnde classificatie van groendaken i.f.v. waterbufferend vermogen is wenselijk. Een onderscheid tussen extensief en intensief blijkt niet voldoende verfijnd. De aanwezigheid van een waterretentielaag (\u00e9\u00e9n of meerdere) kan voor de ecosysteemdienst stormwater management een veel belangrijkere impact hebben dan het groendak zelf (vegetatie &amp; substraat).<\/li><li>Evolutie normalisatie mogelijk en wenselijk: genormaliseerde test voor de bepaling van de C-waarde en piekreductie runoff.<\/li><li>Evolutie proefmethodieken wenselijk i.f.v. klimaatverandering: meer focus op extreme neerslagevents.<\/li><li>Meer gedetailleerde studie re\u00eble buffercapaciteit van gerealiseerde groendaken (op ware schaal).<\/li><li>Ondersteuning innovatie systeemleveranciers.<\/li><\/ul>\n\n\n\n<blockquote class=\"wp-block-quote is-style-large\"><p>Samenwerking rioolbeheerders, gemeenten en onderzoekers kan leiden tot verhoogde impact van groendaken<\/p><cite>Filip Dobbels<\/cite><\/blockquote>\n\n\n\n<div style=\"height:3px\" aria-hidden=\"true\" class=\"wp-block-spacer\"><\/div>\n\n\n\n<p class=\"has-luminous-vivid-amber-background-color has-background\">Hou zeker ook onze <strong><span style=\"color:#2d6726\" class=\"has-inline-color\"><a href=\"http:\/\/ecocities.be\/?page_id=1004&amp;preview=true\" data-type=\"URL\" data-id=\"http:\/\/ecocities.be\/?page_id=1004&amp;preview=true\">resultaten pagina<\/a><\/span><\/strong> in de gaten waar je onze wetenschappelijke publicaties kan terugvinden.<\/p>\n\n\n\n<div style=\"height:11px\" aria-hidden=\"true\" class=\"wp-block-spacer\"><\/div>\n\n\n\n<div style=\"height:69px\" aria-hidden=\"true\" class=\"wp-block-spacer\"><\/div>\n\n\n<a class=\"maxbutton-2 maxbutton maxbutton-scrol-back-to-top-biodiversiteit\" href=\"#top\"><span class='mb-text'>Terug naar boven<\/span><\/a>\n\n\n<div style=\"height:100px\" aria-hidden=\"true\" class=\"wp-block-spacer\"><\/div>\n\n\n\n<p style=\"font-size:10px\">Attributions of used icons: \u201crain\u201d icon made by BomSymbols  from&nbsp;<a href=\"https:\/\/thenounproject.com\/\">The Noun Project<\/a><\/p>\n","protected":false},"excerpt":{"rendered":"<p>Maak kennis met onze onderzoekers Projectleider in het Labo Isolatie, Dichting en Daken, onderdeel van de afdeling Materialen, Daken en Milieuprestatie van het WTCB We lieten ook enkele andere experten aan het woord Zij lieten elk hun licht schijnen op het concept groendaken en -gevels vanuit het bodemperspectief waarin bodemprocessen voorkomen en nutri\u00ebnten cycli bestudeerd &hellip; <\/p>\n<p class=\"link-more\"><a href=\"https:\/\/ecocities.be\/?page_id=1386\" class=\"more-link\"><span class=\"screen-reader-text\">&#8220;Stormwater management&#8221;<\/span> verder lezen<\/a><\/p>\n","protected":false},"author":2,"featured_media":0,"parent":0,"menu_order":0,"comment_status":"closed","ping_status":"closed","template":"","meta":{"ngg_post_thumbnail":0},"_links":{"self":[{"href":"https:\/\/ecocities.be\/index.php?rest_route=\/wp\/v2\/pages\/1386"}],"collection":[{"href":"https:\/\/ecocities.be\/index.php?rest_route=\/wp\/v2\/pages"}],"about":[{"href":"https:\/\/ecocities.be\/index.php?rest_route=\/wp\/v2\/types\/page"}],"author":[{"embeddable":true,"href":"https:\/\/ecocities.be\/index.php?rest_route=\/wp\/v2\/users\/2"}],"replies":[{"embeddable":true,"href":"https:\/\/ecocities.be\/index.php?rest_route=%2Fwp%2Fv2%2Fcomments&post=1386"}],"version-history":[{"count":23,"href":"https:\/\/ecocities.be\/index.php?rest_route=\/wp\/v2\/pages\/1386\/revisions"}],"predecessor-version":[{"id":1486,"href":"https:\/\/ecocities.be\/index.php?rest_route=\/wp\/v2\/pages\/1386\/revisions\/1486"}],"wp:attachment":[{"href":"https:\/\/ecocities.be\/index.php?rest_route=%2Fwp%2Fv2%2Fmedia&parent=1386"}],"curies":[{"name":"wp","href":"https:\/\/api.w.org\/{rel}","templated":true}]}}