{"id":170,"date":"2018-12-05T15:10:42","date_gmt":"2018-12-05T14:10:42","guid":{"rendered":"http:\/\/ecocities.be\/?page_id=170"},"modified":"2021-03-08T22:36:36","modified_gmt":"2021-03-08T21:36:36","slug":"werkpakketen-2","status":"publish","type":"page","link":"https:\/\/ecocities.be\/?page_id=170","title":{"rendered":"Werkpakketten"},"content":{"rendered":"\n<div class=\"wp-block-group\"><div class=\"wp-block-group__inner-container\"><div class=\"wp-block-group__inner-container\">\n<h2><span style=\"color: #008000;\"><strong>Werkpakket 1: Groendaken en -wanden: opbouw van een veldlaboratorium<\/strong><\/span><\/h2>\n\n\n\n<div class=\"wp-block-image\"><figure class=\"alignleft is-resized\"><img loading=\"lazy\" src=\"http:\/\/ecocities.be\/wp-content\/uploads\/2020\/04\/Dia1-279x300.jpeg\" alt=\"\" class=\"wp-image-257\" width=\"75\" height=\"81\" srcset=\"https:\/\/ecocities.be\/wp-content\/uploads\/2020\/04\/Dia1-279x300.jpeg 279w, https:\/\/ecocities.be\/wp-content\/uploads\/2020\/04\/Dia1.jpeg 720w\" sizes=\"(max-width: 75px) 100vw, 75px\" \/><\/figure><\/div>\n\n\n\n<p>In dit werkpakket wordt er samengewerkt met de stakeholdersgroep om de opstelling van het veldlaboratorium en een selectie van bestaande groendaken en -wanden te bekomen.<\/p>\n\n\n\n<p id=\"veldlabo\">Het <span style=\"color: #008000;\"><strong>veldlaboratorium<\/strong><\/span>, opgesteld op het terrein van &#8216;Campus Het Spoor&#8217; in Mol, omvat 48 groendakopstellingen die verschillen in substraatdikte, substraatsamenstelling en plantensamenstelling. Er werd ook 42m groenwand aangelegd waarvan een gedeelte in de zon en een gedeelte in de schaduw werd geplaatst.<\/p>\n\n\n\n<div><\/div>\n\n\n\n<p id=\"bestaande\">Verder werd er een selectie gemaakt van 12 <span style=\"color: #008000;\"><strong>bestaande groendaken<\/strong><\/span> in 3 steden (Hasselt, Gent, Antwerpen).<\/p>\n\n\n\n<div>\n<div><\/div>\n<\/div>\n\n\n\n<div>&nbsp;<\/div>\n\n\n\n<p>Van deze testopstellingen en van de bestaande groendaken zullen er stalen genomen worden die geanalyseerd zullen worden in functie van werkpakketten 2, 3, 4, 5 en 6. Dit resulteert in onderzoeksresultaten die zowel afkomstig zijn van experimentele (meer gecontroleerde) opstellingen als van bestaande groendak- en groenwandsystemen.<\/p>\n\n\n\n<p>Voor de opstelling van dit veldlaboratorium danken wij graag nog onze sponsors die dit hielpen realiseren: Campus Het Spoor, VZW Groene Gevels, IBIC (SOPREMA), Interbims, EcoWorks en Act &amp; Sorb.<\/p>\n\n\n\n<h2><span style=\"color: #008000;\"><strong>Werkpakket 2: Biodiversiteit en zijn rol in de verschillende ecosystemen<\/strong><\/span><\/h2>\n\n\n\n<div class=\"wp-block-image\"><figure class=\"alignleft is-resized\"><img loading=\"lazy\" src=\"http:\/\/ecocities.be\/wp-content\/uploads\/2020\/04\/Dia5-279x300.jpeg\" alt=\"\" class=\"wp-image-244\" width=\"73\" height=\"79\" srcset=\"https:\/\/ecocities.be\/wp-content\/uploads\/2020\/04\/Dia5-279x300.jpeg 279w, https:\/\/ecocities.be\/wp-content\/uploads\/2020\/04\/Dia5.jpeg 720w\" sizes=\"(max-width: 73px) 100vw, 73px\" \/><\/figure><\/div>\n\n\n\n<p>Om de biodiversiteit in de verschillende systemen te kunnen monitoren wordt de biodiversiteit bovengronds en ondergronds onderzocht.<\/p>\n\n\n\n<p><span style=\"color: #008000;\"><strong>Bovengronds<\/strong><\/span> worden de verschillende planten en dieren ge\u00efnventariseerd, alsook het bladgeassocieerde microbioom (micro-organismen aanwezig op de bladeren van de planten).<br><span style=\"color: #008000;\"><strong>Ondergronds<\/strong><\/span> worden de dieren, bacteri\u00ebn, fungi en protisten ge\u00efdentificeerd.<\/p>\n\n\n\n<p>Een literatuurstudie zal meer inzicht geven over welke planteigenschappen, en in welke mate, bijdragen aan de verschillende ecosysteemdiensten.<\/p>\n\n\n\n<h2 id=\"werkpakket3\"><span style=\"color: #008000;\"><strong>Werkpakket 3: Groendaken en -wanden om lucht en waterpollutie te reduceren en af te breken<\/strong><\/span><\/h2>\n\n\n\n<div class=\"wp-block-image\"><figure class=\"alignleft is-resized\"><img loading=\"lazy\" src=\"http:\/\/ecocities.be\/wp-content\/uploads\/2020\/04\/Dia4-279x300.jpeg\" alt=\"\" class=\"wp-image-245\" width=\"75\" height=\"81\" srcset=\"https:\/\/ecocities.be\/wp-content\/uploads\/2020\/04\/Dia4-279x300.jpeg 279w, https:\/\/ecocities.be\/wp-content\/uploads\/2020\/04\/Dia4.jpeg 720w\" sizes=\"(max-width: 75px) 100vw, 75px\" \/><\/figure><\/div>\n\n\n\n<p>In dit werkpakket zal er een voorspellingsmodel worden ontworpen voor <span style=\"color: #008000;\"><strong>fijnstofdepositie<\/strong><\/span> en fijnstofherverstuiving op basis van depositie-experimenten.<\/p>\n\n\n\n<p>De buffercapaciteit van groendaken zal worden bepaald aan de hand van drainagewater dat wordt opgevangen.<\/p>\n\n\n\n<p>De pollutiedegradatie-capaciteit van het bladgeassocieerde <span style=\"color: #008000;\"><strong>microbioom<\/strong><\/span> van de planten wordt onderzocht.<\/p>\n\n\n\n<h2><span style=\"color: #008000;\"><strong>Werkpakket 4: Elementcycli in verschillende types groendaken en -wanden<\/strong><\/span><\/h2>\n\n\n\n<div class=\"wp-block-image\"><figure class=\"alignleft is-resized\"><img loading=\"lazy\" src=\"http:\/\/ecocities.be\/wp-content\/uploads\/2020\/04\/Dia2-279x300.jpeg\" alt=\"\" class=\"wp-image-246\" width=\"91\" height=\"98\" srcset=\"https:\/\/ecocities.be\/wp-content\/uploads\/2020\/04\/Dia2-279x300.jpeg 279w, https:\/\/ecocities.be\/wp-content\/uploads\/2020\/04\/Dia2.jpeg 720w\" sizes=\"(max-width: 91px) 100vw, 91px\" \/><\/figure><\/div>\n\n\n\n<p>Binnen de verschillende cycli wordt er een onderscheid gemaakt tussen cycli van stikstof en fosfor en die van koolstof.<\/p>\n\n\n\n<p>Voor <span style=\"color: #008000;\"><strong>stikstof<\/strong><\/span> en <span style=\"color: #008000;\"><strong>fosfor<\/strong><\/span> worden de nutri\u00ebnteninput en -output gemeten en wordt de opslag bepaald. De microbi\u00eble functionele diversiteit zal worden bepaald om te kijken welke organismen stikstof en fosfor omzetten.<\/p>\n\n\n\n<p>Voor koolstof wordt de <span style=\"color: #008000;\"><strong>koolstofsequestratie<\/strong><\/span> bestudeerd. De koolstofopslag zal worden bepaald in het substraat maar ook in de bovengrondse en ondergrondse plantendelen. Om alle koolstofemissies die betrokken zijn bij de productie, transport, installatie en onderhoud mee in de studie op te nemen wordt er een levenscyclusanalyse uitgevoerd.<\/p>\n\n\n\n<h2><span style=\"color: #008000;\"><strong>Werkpakket 5: Mildering van klimaat- en waterextremen bij verschillende types groendaken en -wanden<\/strong><\/span><\/h2>\n\n\n\n<div class=\"wp-block-image\"><figure class=\"alignleft is-resized\"><img loading=\"lazy\" src=\"http:\/\/ecocities.be\/wp-content\/uploads\/2020\/04\/Dia2-2-279x300.jpeg\" alt=\"\" class=\"wp-image-259\" width=\"75\" height=\"80\" srcset=\"https:\/\/ecocities.be\/wp-content\/uploads\/2020\/04\/Dia2-2-279x300.jpeg 279w, https:\/\/ecocities.be\/wp-content\/uploads\/2020\/04\/Dia2-2.jpeg 720w\" sizes=\"(max-width: 75px) 100vw, 75px\" \/><\/figure><\/div>\n\n\n\n<p>Om te bepalen in welke mate groendaken en -wanden de temperatuur lokaal kunnen be\u00efnvloeden zal er vooral naar de <span style=\"color: #008000;\"><strong>transpiratiecapaciteit<\/strong><\/span> gekeken worden. Op basis van deze metingen zal er een model ontwikkeld worden waarmee verschillende scenario\u2019s gemodelleerd kunnen worden.<\/p>\n\n\n\n<p>Aanvullend aan de studie van het <span style=\"color: #008000;\"><strong>koelend effect<\/strong> <\/span>van groendaken en -wanden op de buitenwereld, zal er ook een literatuurstudie naar het isolatie effect van groendaken en -gevels op het binnenhuisklimaat worden uitgevoerd.<\/p>\n\n\n\n<div class=\"wp-block-image\"><figure class=\"alignleft is-resized\"><img loading=\"lazy\" src=\"http:\/\/ecocities.be\/wp-content\/uploads\/2020\/04\/Dia3-279x300.jpeg\" alt=\"\" class=\"wp-image-248\" width=\"64\" height=\"68\" srcset=\"https:\/\/ecocities.be\/wp-content\/uploads\/2020\/04\/Dia3-279x300.jpeg 279w, https:\/\/ecocities.be\/wp-content\/uploads\/2020\/04\/Dia3.jpeg 720w\" sizes=\"(max-width: 64px) 100vw, 64px\" \/><\/figure><\/div>\n\n\n\n<p>Er zal ook gekeken worden naar welke invloed groendaken en -wanden kunnen hebben op de buffering van <span style=\"color: #008000;\"><strong>stormwater<\/strong><\/span>.<\/p>\n\n\n\n<h2><span style=\"color: #008000;\"><strong>Werkpakket 6: Van valuatie en scenarioanalyses naar implementatie<\/strong><\/span><\/h2>\n\n\n\n<div class=\"wp-block-image\"><figure class=\"alignleft is-resized\"><img loading=\"lazy\" src=\"http:\/\/ecocities.be\/wp-content\/uploads\/2020\/04\/Icons_groen-279x300.jpg\" alt=\"\" class=\"wp-image-249\" width=\"67\" height=\"72\" srcset=\"https:\/\/ecocities.be\/wp-content\/uploads\/2020\/04\/Icons_groen-279x300.jpg 279w, https:\/\/ecocities.be\/wp-content\/uploads\/2020\/04\/Icons_groen.jpg 720w\" sizes=\"(max-width: 67px) 100vw, 67px\" \/><\/figure><\/div>\n\n\n\n<p><span style=\"color: #008000;\"><\/span>In dit werkpakket komen alle resultaten van de vorige pakketten samen. Er zal een <span style=\"color: #008000;\"><strong>monetaire waarde<\/strong><\/span> gekoppeld worden aan de ecosysteemdiensten die door groendaken en -wanden geleverd worden, en dit zowel vanuit een privaat als uit een maatschappelijk standpunt. Er zal ook een studie uitgevoerd worden om het subjectieve welzijn te vertalen naar een monetaire waarden.<\/p>\n\n\n\n<p>Vervolgens zullen deze monetaire gegevens gebruikt worden in een model voor <span style=\"color: #008000;\"><strong>scenarioanalyse<\/strong><\/span>&nbsp;(ECOPLAN) dat toelaat om scenario\u2019s op verschillende niveaus (straat, wijk, &#8230;) online visueel voor te stellen en te evalueren. Bijkomend zal er ook een <strong>\u2018<span style=\"color: #008000;\">private owners tool\u2019<\/span><\/strong> ontwikkeld worden. Deze tool zal het mogelijk maken om op kleine schaal vb. \u00e9\u00e9n huis, \u00e9\u00e9n bedrijf, \u2026 een koste-baten-analyse uit te voeren. Hierin zullen dan de private kosten (vb. aanleg kost, onderhoudskosten, &#8230;) en baten (vb. isolerend effect van een groendak of groengevel) meegenomen worden.<\/p>\n\n\n\n<div class=\"wp-block-image\"><figure class=\"alignleft is-resized\"><img loading=\"lazy\" src=\"http:\/\/ecocities.be\/wp-content\/uploads\/2020\/04\/Dia9-279x300.jpg\" alt=\"\" class=\"wp-image-250\" width=\"60\" height=\"65\" srcset=\"https:\/\/ecocities.be\/wp-content\/uploads\/2020\/04\/Dia9-279x300.jpg 279w, https:\/\/ecocities.be\/wp-content\/uploads\/2020\/04\/Dia9.jpg 720w\" sizes=\"(max-width: 60px) 100vw, 60px\" \/><\/figure><\/div>\n\n\n\n<p>Uiteindelijk zullen alle bestudeerde types groendaken en -wanden uit het project worden opgelijst in een <span style=\"color: #008000;\"><strong>catalogus<\/strong><\/span>. Per type zal er weergegeven worden welke ecosysteemdiensten er geboden worden en welke monetaire waarden hieraan gekoppeld zijn.<\/p>\n\n\n\n<div class=\"wp-block-image\"><figure class=\"aligncenter\"><img loading=\"lazy\" width=\"720\" height=\"600\" src=\"http:\/\/ecocities.be\/wp-content\/uploads\/2020\/04\/Schema-werkpakketten-1.jpg\" alt=\"\" class=\"wp-image-255\" srcset=\"https:\/\/ecocities.be\/wp-content\/uploads\/2020\/04\/Schema-werkpakketten-1.jpg 720w, https:\/\/ecocities.be\/wp-content\/uploads\/2020\/04\/Schema-werkpakketten-1-300x250.jpg 300w\" sizes=\"(max-width: 720px) 100vw, 720px\" \/><\/figure><\/div>\n<\/div><\/div><\/div>\n\n\n\n<p style=\"font-size:10px\">Attributions of used icons:\u201cTest-tube\u201d icon made by Nimal Raj from <a href=\"https:\/\/thenounproject.com\/\" target=\"_blank\" rel=\"noreferrer noopener\">The Noun Project<\/a>, \u201cBook\u201d icon made by Nafiz2019 from <a href=\"https:\/\/thenounproject.com\/\">The Noun Project<\/a>, \u201cfinance\u201d icon made by Gravity Studie, ID from <a href=\"https:\/\/thenounproject.com\/\" target=\"_blank\" rel=\"noreferrer noopener\">The Noun Project<\/a>, \u201cEarth Planet With Arrows Circle Around\u201d icon made by freepik from <a href=\"http:\/\/www.flaticon.com\">www.flaticon.com<\/a>, \u201cFactory Towers Spreading Smoke\u201d icon made by freepik from <a href=\"http:\/\/www.flaticon.com\">www.flaticon.com<\/a>, \u201cThermomemeter Temperature Control Tool\u201d icon made by freepik from <a href=\"http:\/\/www.flaticon.com\">www.flaticon.com<\/a>, \u201cTree Silhouette\u201d icon made by freepik from <a href=\"http:\/\/www.flaticon.com\">www.flaticon.com<\/a>, \u201cWater Drop\u201d icon made by freepik from <a href=\"http:\/\/www.flaticon.com\">www.flaticon.com<\/a><\/p>\n","protected":false},"excerpt":{"rendered":"<p>Werkpakket 1: Groendaken en -wanden: opbouw van een veldlaboratorium In dit werkpakket wordt er samengewerkt met de stakeholdersgroep om de opstelling van het veldlaboratorium en een selectie van bestaande groendaken en -wanden te bekomen. Het veldlaboratorium, opgesteld op het terrein van &#8216;Campus Het Spoor&#8217; in Mol, omvat 48 groendakopstellingen die verschillen in substraatdikte, substraatsamenstelling en &hellip; <\/p>\n<p class=\"link-more\"><a href=\"https:\/\/ecocities.be\/?page_id=170\" class=\"more-link\"><span class=\"screen-reader-text\">&#8220;Werkpakketten&#8221;<\/span> verder lezen<\/a><\/p>\n","protected":false},"author":1,"featured_media":0,"parent":0,"menu_order":0,"comment_status":"closed","ping_status":"closed","template":"","meta":{"ngg_post_thumbnail":0},"_links":{"self":[{"href":"https:\/\/ecocities.be\/index.php?rest_route=\/wp\/v2\/pages\/170"}],"collection":[{"href":"https:\/\/ecocities.be\/index.php?rest_route=\/wp\/v2\/pages"}],"about":[{"href":"https:\/\/ecocities.be\/index.php?rest_route=\/wp\/v2\/types\/page"}],"author":[{"embeddable":true,"href":"https:\/\/ecocities.be\/index.php?rest_route=\/wp\/v2\/users\/1"}],"replies":[{"embeddable":true,"href":"https:\/\/ecocities.be\/index.php?rest_route=%2Fwp%2Fv2%2Fcomments&post=170"}],"version-history":[{"count":22,"href":"https:\/\/ecocities.be\/index.php?rest_route=\/wp\/v2\/pages\/170\/revisions"}],"predecessor-version":[{"id":1010,"href":"https:\/\/ecocities.be\/index.php?rest_route=\/wp\/v2\/pages\/170\/revisions\/1010"}],"wp:attachment":[{"href":"https:\/\/ecocities.be\/index.php?rest_route=%2Fwp%2Fv2%2Fmedia&parent=170"}],"curies":[{"name":"wp","href":"https:\/\/api.w.org\/{rel}","templated":true}]}}